{"id":13255,"date":"2024-12-05T15:31:58","date_gmt":"2024-12-05T22:31:58","guid":{"rendered":"https:\/\/torosdetijuana.com\/?page_id=13255"},"modified":"2025-07-17T12:23:27","modified_gmt":"2025-07-17T19:23:27","slug":"noticias","status":"publish","type":"page","link":"https:\/\/torosdetijuana.com\/index.php\/noticias\/","title":{"rendered":"noticias"},"content":{"rendered":"\t\t<div data-elementor-type=\"wp-page\" data-elementor-id=\"13255\" class=\"elementor elementor-13255\" data-elementor-post-type=\"page\">\n\t\t\t\t<div class=\"elementor-element elementor-element-51bf42fd e-con-full e-flex e-con e-parent\" data-id=\"51bf42fd\" data-element_type=\"container\" data-e-type=\"container\" data-settings=\"{&quot;background_background&quot;:&quot;classic&quot;}\">\n\t\t<div class=\"elementor-element elementor-element-efc0f6a e-con-full e-flex e-con e-child\" data-id=\"efc0f6a\" data-element_type=\"container\" data-e-type=\"container\" data-settings=\"{&quot;background_background&quot;:&quot;classic&quot;}\">\n\t\t\t\t<div class=\"elementor-element elementor-element-6f16ee8 elementor-widget elementor-widget-heading\" data-id=\"6f16ee8\" data-element_type=\"widget\" data-e-type=\"widget\" data-widget_type=\"heading.default\">\n\t\t\t\t<div class=\"elementor-widget-container\">\n\t\t\t\t\t<h1 class=\"elementor-heading-title elementor-size-default\">Noticias<\/h1>\t\t\t\t<\/div>\n\t\t\t\t<\/div>\n\t\t\t\t<\/div>\n\t\t\t\t<\/div>\n\t\t<div class=\"elementor-element elementor-element-3706ddc8 e-flex e-con-boxed e-con e-parent\" data-id=\"3706ddc8\" data-element_type=\"container\" data-e-type=\"container\">\n\t\t\t\t\t<div class=\"e-con-inner\">\n\t\t\t\t<div class=\"elementor-element elementor-element-523312e7 elementor-grid-3 elementor-grid-tablet-2 elementor-grid-mobile-1 elementor-posts--thumbnail-top elementor-posts__hover-gradient elementor-widget elementor-widget-posts\" data-id=\"523312e7\" data-element_type=\"widget\" data-e-type=\"widget\" data-settings=\"{&quot;cards_row_gap&quot;:{&quot;unit&quot;:&quot;px&quot;,&quot;size&quot;:80,&quot;sizes&quot;:[]},&quot;cards_row_gap_tablet&quot;:{&quot;unit&quot;:&quot;px&quot;,&quot;size&quot;:71,&quot;sizes&quot;:[]},&quot;cards_row_gap_mobile&quot;:{&quot;unit&quot;:&quot;px&quot;,&quot;size&quot;:30,&quot;sizes&quot;:[]},&quot;cards_columns&quot;:&quot;3&quot;,&quot;cards_columns_tablet&quot;:&quot;2&quot;,&quot;cards_columns_mobile&quot;:&quot;1&quot;}\" data-widget_type=\"posts.cards\">\n\t\t\t\t<div class=\"elementor-widget-container\">\n\t\t\t\t\t\t\t<div class=\"elementor-posts-container elementor-posts elementor-posts--skin-cards elementor-grid\" role=\"list\">\n\t\t\t\t<article class=\"elementor-post elementor-grid-item post-16659 post type-post status-publish format-standard has-post-thumbnail hentry category-noticias tag-lmb tag-spring-training tag-tijuana tag-toros-de-tijuana\" role=\"listitem\">\n\t\t\t<div class=\"elementor-post__card\">\n\t\t\t\t<a class=\"elementor-post__thumbnail__link\" href=\"https:\/\/torosdetijuana.com\/index.php\/toros-vence-a-diablos-rojos-con-autoridad-en-la-fortaleza\/2026\/04\/\" tabindex=\"-1\" ><div class=\"elementor-post__thumbnail\"><img fetchpriority=\"high\" decoding=\"async\" width=\"2560\" height=\"1707\" src=\"https:\/\/torosdetijuana.com\/wp-content\/uploads\/2026\/04\/PIC04419-scaled.jpg\" class=\"attachment-full size-full wp-image-16660\" alt=\"\" srcset=\"https:\/\/torosdetijuana.com\/wp-content\/uploads\/2026\/04\/PIC04419-scaled.jpg 2560w, https:\/\/torosdetijuana.com\/wp-content\/uploads\/2026\/04\/PIC04419-300x200.jpg 300w, https:\/\/torosdetijuana.com\/wp-content\/uploads\/2026\/04\/PIC04419-1024x683.jpg 1024w, https:\/\/torosdetijuana.com\/wp-content\/uploads\/2026\/04\/PIC04419-768x512.jpg 768w, https:\/\/torosdetijuana.com\/wp-content\/uploads\/2026\/04\/PIC04419-1536x1024.jpg 1536w, https:\/\/torosdetijuana.com\/wp-content\/uploads\/2026\/04\/PIC04419-2048x1365.jpg 2048w, https:\/\/torosdetijuana.com\/wp-content\/uploads\/2026\/04\/PIC04419-128x85.jpg 128w, https:\/\/torosdetijuana.com\/wp-content\/uploads\/2026\/04\/PIC04419-32x21.jpg 32w, https:\/\/torosdetijuana.com\/wp-content\/uploads\/2026\/04\/PIC04419-600x400.jpg 600w\" sizes=\"(max-width: 2560px) 100vw, 2560px\" \/><\/div><\/a>\n\t\t\t\t<div class=\"elementor-post__text\">\n\t\t\t\t<h4 class=\"elementor-post__title\">\n\t\t\t<a href=\"https:\/\/torosdetijuana.com\/index.php\/toros-vence-a-diablos-rojos-con-autoridad-en-la-fortaleza\/2026\/04\/\" >\n\t\t\t\tTOROS VENCE A DIABLOS ROJOS CON AUTORIDAD EN LA FORTALEZA\t\t\t<\/a>\n\t\t<\/h4>\n\t\t\t\t<div class=\"elementor-post__excerpt\">\n\t\t\t<p>Con cuadrangulares de Hern\u00e1n P\u00e9rez y Junior Lake los Toros se imponen por segunda ocasi\u00f3n a los Diablos Rojos del<\/p>\n\t\t<\/div>\n\t\t\n\t\t<a class=\"elementor-post__read-more\" href=\"https:\/\/torosdetijuana.com\/index.php\/toros-vence-a-diablos-rojos-con-autoridad-en-la-fortaleza\/2026\/04\/\" aria-label=\"Read more about TOROS VENCE A DIABLOS ROJOS CON AUTORIDAD EN LA FORTALEZA\" tabindex=\"-1\" >\n\t\t\tLeer m\u00e1s\t\t<\/a>\n\n\t\t\t\t<\/div>\n\t\t\t\t\t<\/div>\n\t\t<\/article>\n\t\t\t\t<article class=\"elementor-post elementor-grid-item post-16653 post type-post status-publish format-standard has-post-thumbnail hentry category-noticias tag-lmb tag-spring-training tag-tijuana tag-toros-de-tijuana\" role=\"listitem\">\n\t\t\t<div class=\"elementor-post__card\">\n\t\t\t\t<a class=\"elementor-post__thumbnail__link\" href=\"https:\/\/torosdetijuana.com\/index.php\/toros-afianza-triunfo-sobre-bravos-en-juego-de-ofensivas\/2026\/04\/\" tabindex=\"-1\" ><div class=\"elementor-post__thumbnail\"><img decoding=\"async\" width=\"2560\" height=\"1706\" src=\"https:\/\/torosdetijuana.com\/wp-content\/uploads\/2026\/04\/WhatsApp-Image-2026-04-08-at-10.54.33-PM.jpeg\" class=\"attachment-full size-full wp-image-16654\" alt=\"\" srcset=\"https:\/\/torosdetijuana.com\/wp-content\/uploads\/2026\/04\/WhatsApp-Image-2026-04-08-at-10.54.33-PM.jpeg 2560w, https:\/\/torosdetijuana.com\/wp-content\/uploads\/2026\/04\/WhatsApp-Image-2026-04-08-at-10.54.33-PM-300x200.jpeg 300w, https:\/\/torosdetijuana.com\/wp-content\/uploads\/2026\/04\/WhatsApp-Image-2026-04-08-at-10.54.33-PM-1024x682.jpeg 1024w, https:\/\/torosdetijuana.com\/wp-content\/uploads\/2026\/04\/WhatsApp-Image-2026-04-08-at-10.54.33-PM-768x512.jpeg 768w, https:\/\/torosdetijuana.com\/wp-content\/uploads\/2026\/04\/WhatsApp-Image-2026-04-08-at-10.54.33-PM-1536x1024.jpeg 1536w, https:\/\/torosdetijuana.com\/wp-content\/uploads\/2026\/04\/WhatsApp-Image-2026-04-08-at-10.54.33-PM-2048x1365.jpeg 2048w, https:\/\/torosdetijuana.com\/wp-content\/uploads\/2026\/04\/WhatsApp-Image-2026-04-08-at-10.54.33-PM-128x85.jpeg 128w, https:\/\/torosdetijuana.com\/wp-content\/uploads\/2026\/04\/WhatsApp-Image-2026-04-08-at-10.54.33-PM-32x21.jpeg 32w, https:\/\/torosdetijuana.com\/wp-content\/uploads\/2026\/04\/WhatsApp-Image-2026-04-08-at-10.54.33-PM-600x400.jpeg 600w\" sizes=\"(max-width: 2560px) 100vw, 2560px\" \/><\/div><\/a>\n\t\t\t\t<div class=\"elementor-post__text\">\n\t\t\t\t<h4 class=\"elementor-post__title\">\n\t\t\t<a href=\"https:\/\/torosdetijuana.com\/index.php\/toros-afianza-triunfo-sobre-bravos-en-juego-de-ofensivas\/2026\/04\/\" >\n\t\t\t\tTOROS AFIANZA TRIUNFO SOBRE BRAVOS EN JUEGO DE OFENSIVAS\t\t\t<\/a>\n\t\t<\/h4>\n\t\t\t\t<div class=\"elementor-post__excerpt\">\n\t\t\t<p>La novena tijuanense respondi\u00f3 con rally de tres carreras en la novena entrada para llevarse el triunfo ante Bravos previo<\/p>\n\t\t<\/div>\n\t\t\n\t\t<a class=\"elementor-post__read-more\" href=\"https:\/\/torosdetijuana.com\/index.php\/toros-afianza-triunfo-sobre-bravos-en-juego-de-ofensivas\/2026\/04\/\" aria-label=\"Read more about TOROS AFIANZA TRIUNFO SOBRE BRAVOS EN JUEGO DE OFENSIVAS\" tabindex=\"-1\" >\n\t\t\tLeer m\u00e1s\t\t<\/a>\n\n\t\t\t\t<\/div>\n\t\t\t\t\t<\/div>\n\t\t<\/article>\n\t\t\t\t<article class=\"elementor-post elementor-grid-item post-16648 post type-post status-publish format-standard has-post-thumbnail hentry category-noticias tag-lmb tag-spring-training tag-tijuana tag-toros-de-tijuana\" role=\"listitem\">\n\t\t\t<div class=\"elementor-post__card\">\n\t\t\t\t<a class=\"elementor-post__thumbnail__link\" href=\"https:\/\/torosdetijuana.com\/index.php\/toros-inicia-gira-en-leon-con-triunfo-sobre-bravos\/2026\/04\/\" tabindex=\"-1\" ><div class=\"elementor-post__thumbnail\"><img decoding=\"async\" width=\"2560\" height=\"1707\" src=\"https:\/\/torosdetijuana.com\/wp-content\/uploads\/2026\/04\/DSC00841-scaled.jpg\" class=\"attachment-full size-full wp-image-16652\" alt=\"\" srcset=\"https:\/\/torosdetijuana.com\/wp-content\/uploads\/2026\/04\/DSC00841-scaled.jpg 2560w, https:\/\/torosdetijuana.com\/wp-content\/uploads\/2026\/04\/DSC00841-300x200.jpg 300w, https:\/\/torosdetijuana.com\/wp-content\/uploads\/2026\/04\/DSC00841-1024x683.jpg 1024w, https:\/\/torosdetijuana.com\/wp-content\/uploads\/2026\/04\/DSC00841-768x512.jpg 768w, https:\/\/torosdetijuana.com\/wp-content\/uploads\/2026\/04\/DSC00841-1536x1024.jpg 1536w, https:\/\/torosdetijuana.com\/wp-content\/uploads\/2026\/04\/DSC00841-2048x1365.jpg 2048w, https:\/\/torosdetijuana.com\/wp-content\/uploads\/2026\/04\/DSC00841-128x85.jpg 128w, https:\/\/torosdetijuana.com\/wp-content\/uploads\/2026\/04\/DSC00841-32x21.jpg 32w, https:\/\/torosdetijuana.com\/wp-content\/uploads\/2026\/04\/DSC00841-600x400.jpg 600w\" sizes=\"(max-width: 2560px) 100vw, 2560px\" \/><\/div><\/a>\n\t\t\t\t<div class=\"elementor-post__text\">\n\t\t\t\t<h4 class=\"elementor-post__title\">\n\t\t\t<a href=\"https:\/\/torosdetijuana.com\/index.php\/toros-inicia-gira-en-leon-con-triunfo-sobre-bravos\/2026\/04\/\" >\n\t\t\t\tTOROS INICIA GIRA EN LE\u00d3N CON TRIUNFO SOBRE BRAVOS\t\t\t<\/a>\n\t\t<\/h4>\n\t\t\t\t<div class=\"elementor-post__excerpt\">\n\t\t\t<p>Con una buena actuaci\u00f3n ofensiva y un dram\u00e1tico noveno episodio para los astados, los bureles superaron por la m\u00ednima a<\/p>\n\t\t<\/div>\n\t\t\n\t\t<a class=\"elementor-post__read-more\" href=\"https:\/\/torosdetijuana.com\/index.php\/toros-inicia-gira-en-leon-con-triunfo-sobre-bravos\/2026\/04\/\" aria-label=\"Read more about TOROS INICIA GIRA EN LE\u00d3N CON TRIUNFO SOBRE BRAVOS\" tabindex=\"-1\" >\n\t\t\tLeer m\u00e1s\t\t<\/a>\n\n\t\t\t\t<\/div>\n\t\t\t\t\t<\/div>\n\t\t<\/article>\n\t\t\t\t<article class=\"elementor-post elementor-grid-item post-16622 post type-post status-publish format-standard has-post-thumbnail hentry category-noticias tag-lmb tag-spring-training tag-tijuana tag-toros-de-tijuana\" role=\"listitem\">\n\t\t\t<div class=\"elementor-post__card\">\n\t\t\t\t<a class=\"elementor-post__thumbnail__link\" href=\"https:\/\/torosdetijuana.com\/index.php\/llega-toros-a-leon\/2026\/04\/\" tabindex=\"-1\" ><div class=\"elementor-post__thumbnail\"><img loading=\"lazy\" decoding=\"async\" width=\"2560\" height=\"1440\" src=\"https:\/\/torosdetijuana.com\/wp-content\/uploads\/2026\/04\/DSC05673-1.JPG-scaled.jpeg\" class=\"attachment-full size-full wp-image-16623\" alt=\"\" srcset=\"https:\/\/torosdetijuana.com\/wp-content\/uploads\/2026\/04\/DSC05673-1.JPG-scaled.jpeg 2560w, https:\/\/torosdetijuana.com\/wp-content\/uploads\/2026\/04\/DSC05673-1.JPG-300x169.jpeg 300w, https:\/\/torosdetijuana.com\/wp-content\/uploads\/2026\/04\/DSC05673-1.JPG-1024x576.jpeg 1024w, https:\/\/torosdetijuana.com\/wp-content\/uploads\/2026\/04\/DSC05673-1.JPG-768x432.jpeg 768w, https:\/\/torosdetijuana.com\/wp-content\/uploads\/2026\/04\/DSC05673-1.JPG-1536x864.jpeg 1536w, https:\/\/torosdetijuana.com\/wp-content\/uploads\/2026\/04\/DSC05673-1.JPG-2048x1152.jpeg 2048w, https:\/\/torosdetijuana.com\/wp-content\/uploads\/2026\/04\/DSC05673-1.JPG-128x72.jpeg 128w, https:\/\/torosdetijuana.com\/wp-content\/uploads\/2026\/04\/DSC05673-1.JPG-32x18.jpeg 32w, https:\/\/torosdetijuana.com\/wp-content\/uploads\/2026\/04\/DSC05673-1.JPG-600x338.jpeg 600w\" sizes=\"(max-width: 2560px) 100vw, 2560px\" \/><\/div><\/a>\n\t\t\t\t<div class=\"elementor-post__text\">\n\t\t\t\t<h4 class=\"elementor-post__title\">\n\t\t\t<a href=\"https:\/\/torosdetijuana.com\/index.php\/llega-toros-a-leon\/2026\/04\/\" >\n\t\t\t\tLLEGA TOROS A LE\u00d3N\t\t\t<\/a>\n\t\t<\/h4>\n\t\t\t\t<div class=\"elementor-post__excerpt\">\n\t\t\t<p>Despu\u00e9s de una semana de juegos interligas en la Ciudad de M\u00e9xico, Toros de Tijuana contin\u00faa su preparaci\u00f3n en Le\u00f3n,<\/p>\n\t\t<\/div>\n\t\t\n\t\t<a class=\"elementor-post__read-more\" href=\"https:\/\/torosdetijuana.com\/index.php\/llega-toros-a-leon\/2026\/04\/\" aria-label=\"Read more about LLEGA TOROS A LE\u00d3N\" tabindex=\"-1\" >\n\t\t\tLeer m\u00e1s\t\t<\/a>\n\n\t\t\t\t<\/div>\n\t\t\t\t\t<\/div>\n\t\t<\/article>\n\t\t\t\t<article class=\"elementor-post elementor-grid-item post-16614 post type-post status-publish format-standard has-post-thumbnail hentry category-noticias tag-bravos-de-leon tag-lmb tag-spring-training tag-tijuana tag-toros-de-tijuana\" role=\"listitem\">\n\t\t\t<div class=\"elementor-post__card\">\n\t\t\t\t<a class=\"elementor-post__thumbnail__link\" href=\"https:\/\/torosdetijuana.com\/index.php\/los-bravos-superan-a-los-toros-en-el-harp-helu\/2026\/04\/\" tabindex=\"-1\" ><div class=\"elementor-post__thumbnail\"><img loading=\"lazy\" decoding=\"async\" width=\"2560\" height=\"1440\" src=\"https:\/\/torosdetijuana.com\/wp-content\/uploads\/2026\/04\/DSC06501-scaled.jpg\" class=\"attachment-full size-full wp-image-16618\" alt=\"\" srcset=\"https:\/\/torosdetijuana.com\/wp-content\/uploads\/2026\/04\/DSC06501-scaled.jpg 2560w, https:\/\/torosdetijuana.com\/wp-content\/uploads\/2026\/04\/DSC06501-300x169.jpg 300w, https:\/\/torosdetijuana.com\/wp-content\/uploads\/2026\/04\/DSC06501-1024x576.jpg 1024w, https:\/\/torosdetijuana.com\/wp-content\/uploads\/2026\/04\/DSC06501-768x432.jpg 768w, https:\/\/torosdetijuana.com\/wp-content\/uploads\/2026\/04\/DSC06501-1536x864.jpg 1536w, https:\/\/torosdetijuana.com\/wp-content\/uploads\/2026\/04\/DSC06501-2048x1152.jpg 2048w, https:\/\/torosdetijuana.com\/wp-content\/uploads\/2026\/04\/DSC06501-128x72.jpg 128w, https:\/\/torosdetijuana.com\/wp-content\/uploads\/2026\/04\/DSC06501-32x18.jpg 32w, https:\/\/torosdetijuana.com\/wp-content\/uploads\/2026\/04\/DSC06501-600x338.jpg 600w\" sizes=\"(max-width: 2560px) 100vw, 2560px\" \/><\/div><\/a>\n\t\t\t\t<div class=\"elementor-post__text\">\n\t\t\t\t<h4 class=\"elementor-post__title\">\n\t\t\t<a href=\"https:\/\/torosdetijuana.com\/index.php\/los-bravos-superan-a-los-toros-en-el-harp-helu\/2026\/04\/\" >\n\t\t\t\tLOS BRAVOS SUPERAN A LOS TOROS\u00a0EN EL HARP HEL\u00da\u00a0\t\t\t<\/a>\n\t\t<\/h4>\n\t\t\t\t<div class=\"elementor-post__excerpt\">\n\t\t\t<p>Con una ofensiva de 19&nbsp;hits&nbsp;y una&nbsp;gran&nbsp;labor monticular de&nbsp;Thaddeus&nbsp;Ward los Bravos&nbsp;superaron a los astados&nbsp;14-4 en&nbsp;la capital.&nbsp; CIUDAD DE M\u00c9XICO (TorosDeTijuana.Com) 5<\/p>\n\t\t<\/div>\n\t\t\n\t\t<a class=\"elementor-post__read-more\" href=\"https:\/\/torosdetijuana.com\/index.php\/los-bravos-superan-a-los-toros-en-el-harp-helu\/2026\/04\/\" aria-label=\"Read more about LOS BRAVOS SUPERAN A LOS TOROS\u00a0EN EL HARP HEL\u00da\u00a0\" tabindex=\"-1\" >\n\t\t\tLeer m\u00e1s\t\t<\/a>\n\n\t\t\t\t<\/div>\n\t\t\t\t\t<\/div>\n\t\t<\/article>\n\t\t\t\t<article class=\"elementor-post elementor-grid-item post-16610 post type-post status-publish format-standard has-post-thumbnail hentry category-noticias tag-bravos-de-leon tag-lmb tag-spring-training tag-tijuana tag-toros-de-tijuana\" role=\"listitem\">\n\t\t\t<div class=\"elementor-post__card\">\n\t\t\t\t<a class=\"elementor-post__thumbnail__link\" href=\"https:\/\/torosdetijuana.com\/index.php\/toros-cae-por-la-minima-ante-bravos-en-gran-duelo-de-pitcheo\/2026\/04\/\" tabindex=\"-1\" ><div class=\"elementor-post__thumbnail\"><img loading=\"lazy\" decoding=\"async\" width=\"2560\" height=\"1707\" src=\"https:\/\/torosdetijuana.com\/wp-content\/uploads\/2026\/04\/20260405_023629450_iOS-1-scaled.jpg\" class=\"attachment-full size-full wp-image-16611\" alt=\"\" srcset=\"https:\/\/torosdetijuana.com\/wp-content\/uploads\/2026\/04\/20260405_023629450_iOS-1-scaled.jpg 2560w, https:\/\/torosdetijuana.com\/wp-content\/uploads\/2026\/04\/20260405_023629450_iOS-1-300x200.jpg 300w, https:\/\/torosdetijuana.com\/wp-content\/uploads\/2026\/04\/20260405_023629450_iOS-1-1024x683.jpg 1024w, https:\/\/torosdetijuana.com\/wp-content\/uploads\/2026\/04\/20260405_023629450_iOS-1-768x512.jpg 768w, https:\/\/torosdetijuana.com\/wp-content\/uploads\/2026\/04\/20260405_023629450_iOS-1-1536x1024.jpg 1536w, https:\/\/torosdetijuana.com\/wp-content\/uploads\/2026\/04\/20260405_023629450_iOS-1-2048x1365.jpg 2048w, https:\/\/torosdetijuana.com\/wp-content\/uploads\/2026\/04\/20260405_023629450_iOS-1-128x85.jpg 128w, https:\/\/torosdetijuana.com\/wp-content\/uploads\/2026\/04\/20260405_023629450_iOS-1-32x21.jpg 32w, https:\/\/torosdetijuana.com\/wp-content\/uploads\/2026\/04\/20260405_023629450_iOS-1-600x400.jpg 600w\" sizes=\"(max-width: 2560px) 100vw, 2560px\" \/><\/div><\/a>\n\t\t\t\t<div class=\"elementor-post__text\">\n\t\t\t\t<h4 class=\"elementor-post__title\">\n\t\t\t<a href=\"https:\/\/torosdetijuana.com\/index.php\/toros-cae-por-la-minima-ante-bravos-en-gran-duelo-de-pitcheo\/2026\/04\/\" >\n\t\t\t\tTOROS CAE POR LA M\u00cdNIMA ANTE BRAVOS EN GRAN DUELO DE PITCHEO\t\t\t<\/a>\n\t\t<\/h4>\n\t\t\t\t<div class=\"elementor-post__excerpt\">\n\t\t\t<p>Con grandes actuaciones en el mont\u00edculo por parte de ambas novenas, Bravos de Le\u00f3n aplic\u00f3 la voltereta en la s\u00e9ptima<\/p>\n\t\t<\/div>\n\t\t\n\t\t<a class=\"elementor-post__read-more\" href=\"https:\/\/torosdetijuana.com\/index.php\/toros-cae-por-la-minima-ante-bravos-en-gran-duelo-de-pitcheo\/2026\/04\/\" aria-label=\"Read more about TOROS CAE POR LA M\u00cdNIMA ANTE BRAVOS EN GRAN DUELO DE PITCHEO\" tabindex=\"-1\" >\n\t\t\tLeer m\u00e1s\t\t<\/a>\n\n\t\t\t\t<\/div>\n\t\t\t\t\t<\/div>\n\t\t<\/article>\n\t\t\t\t<article class=\"elementor-post elementor-grid-item post-16606 post type-post status-publish format-standard has-post-thumbnail hentry category-noticias tag-lmb tag-spring-training tag-tijuana tag-toros-de-tijuana\" role=\"listitem\">\n\t\t\t<div class=\"elementor-post__card\">\n\t\t\t\t<a class=\"elementor-post__thumbnail__link\" href=\"https:\/\/torosdetijuana.com\/index.php\/los-toros-embisten-en-la-capital-a-los-diablos-rojos\/2026\/04\/\" tabindex=\"-1\" ><div class=\"elementor-post__thumbnail\"><img loading=\"lazy\" decoding=\"async\" width=\"1600\" height=\"900\" src=\"https:\/\/torosdetijuana.com\/wp-content\/uploads\/2026\/04\/WhatsApp-Image-2026-04-03-at-22.32.28-3.jpeg\" class=\"attachment-full size-full wp-image-16607\" alt=\"\" srcset=\"https:\/\/torosdetijuana.com\/wp-content\/uploads\/2026\/04\/WhatsApp-Image-2026-04-03-at-22.32.28-3.jpeg 1600w, https:\/\/torosdetijuana.com\/wp-content\/uploads\/2026\/04\/WhatsApp-Image-2026-04-03-at-22.32.28-3-300x169.jpeg 300w, https:\/\/torosdetijuana.com\/wp-content\/uploads\/2026\/04\/WhatsApp-Image-2026-04-03-at-22.32.28-3-1024x576.jpeg 1024w, https:\/\/torosdetijuana.com\/wp-content\/uploads\/2026\/04\/WhatsApp-Image-2026-04-03-at-22.32.28-3-768x432.jpeg 768w, https:\/\/torosdetijuana.com\/wp-content\/uploads\/2026\/04\/WhatsApp-Image-2026-04-03-at-22.32.28-3-1536x864.jpeg 1536w, https:\/\/torosdetijuana.com\/wp-content\/uploads\/2026\/04\/WhatsApp-Image-2026-04-03-at-22.32.28-3-128x72.jpeg 128w, https:\/\/torosdetijuana.com\/wp-content\/uploads\/2026\/04\/WhatsApp-Image-2026-04-03-at-22.32.28-3-32x18.jpeg 32w, https:\/\/torosdetijuana.com\/wp-content\/uploads\/2026\/04\/WhatsApp-Image-2026-04-03-at-22.32.28-3-600x338.jpeg 600w\" sizes=\"(max-width: 1600px) 100vw, 1600px\" \/><\/div><\/a>\n\t\t\t\t<div class=\"elementor-post__text\">\n\t\t\t\t<h4 class=\"elementor-post__title\">\n\t\t\t<a href=\"https:\/\/torosdetijuana.com\/index.php\/los-toros-embisten-en-la-capital-a-los-diablos-rojos\/2026\/04\/\" >\n\t\t\t\tLOS TOROS EMBISTEN EN LA CAPITAL A LOS DIABLOS ROJOS\u00a0\t\t\t<\/a>\n\t\t<\/h4>\n\t\t\t\t<div class=\"elementor-post__excerpt\">\n\t\t\t<p>Con una ofensiva de seis carreras y grandes actuaciones monticulares Toros&nbsp;de Tijuana domin\u00f3 a Diablos Rojos del M\u00e9xico por pizarra<\/p>\n\t\t<\/div>\n\t\t\n\t\t<a class=\"elementor-post__read-more\" href=\"https:\/\/torosdetijuana.com\/index.php\/los-toros-embisten-en-la-capital-a-los-diablos-rojos\/2026\/04\/\" aria-label=\"Read more about LOS TOROS EMBISTEN EN LA CAPITAL A LOS DIABLOS ROJOS\u00a0\" tabindex=\"-1\" >\n\t\t\tLeer m\u00e1s\t\t<\/a>\n\n\t\t\t\t<\/div>\n\t\t\t\t\t<\/div>\n\t\t<\/article>\n\t\t\t\t<article class=\"elementor-post elementor-grid-item post-16603 post type-post status-publish format-standard has-post-thumbnail hentry category-noticias tag-lmb tag-spring-training tag-tijuana tag-toros-de-tijuana\" role=\"listitem\">\n\t\t\t<div class=\"elementor-post__card\">\n\t\t\t\t<a class=\"elementor-post__thumbnail__link\" href=\"https:\/\/torosdetijuana.com\/index.php\/toros-liga-triunfos-ante-el-aguila-de-veracruz\/2026\/04\/\" tabindex=\"-1\" ><div class=\"elementor-post__thumbnail\"><img loading=\"lazy\" decoding=\"async\" width=\"2560\" height=\"1440\" src=\"https:\/\/torosdetijuana.com\/wp-content\/uploads\/2026\/04\/DSC05768-scaled.jpg\" class=\"attachment-full size-full wp-image-16604\" alt=\"\" srcset=\"https:\/\/torosdetijuana.com\/wp-content\/uploads\/2026\/04\/DSC05768-scaled.jpg 2560w, https:\/\/torosdetijuana.com\/wp-content\/uploads\/2026\/04\/DSC05768-300x169.jpg 300w, https:\/\/torosdetijuana.com\/wp-content\/uploads\/2026\/04\/DSC05768-1024x576.jpg 1024w, https:\/\/torosdetijuana.com\/wp-content\/uploads\/2026\/04\/DSC05768-768x432.jpg 768w, https:\/\/torosdetijuana.com\/wp-content\/uploads\/2026\/04\/DSC05768-1536x864.jpg 1536w, https:\/\/torosdetijuana.com\/wp-content\/uploads\/2026\/04\/DSC05768-2048x1152.jpg 2048w, https:\/\/torosdetijuana.com\/wp-content\/uploads\/2026\/04\/DSC05768-128x72.jpg 128w, https:\/\/torosdetijuana.com\/wp-content\/uploads\/2026\/04\/DSC05768-32x18.jpg 32w, https:\/\/torosdetijuana.com\/wp-content\/uploads\/2026\/04\/DSC05768-600x338.jpg 600w\" sizes=\"(max-width: 2560px) 100vw, 2560px\" \/><\/div><\/a>\n\t\t\t\t<div class=\"elementor-post__text\">\n\t\t\t\t<h4 class=\"elementor-post__title\">\n\t\t\t<a href=\"https:\/\/torosdetijuana.com\/index.php\/toros-liga-triunfos-ante-el-aguila-de-veracruz\/2026\/04\/\" >\n\t\t\t\tTOROS LIGA TRIUNFOS ANTE EL \u00c1GUILA DE VERACRUZ\u00a0\t\t\t<\/a>\n\t\t<\/h4>\n\t\t\t\t<div class=\"elementor-post__excerpt\">\n\t\t\t<p>Con una ofensiva de 12 imparables,&nbsp;los Toros se apuntaron&nbsp;el triunfo&nbsp;por pizarra&nbsp;final de 8-7&nbsp;para ligar par de triunfos sobre El \u00c1guila&nbsp;de<\/p>\n\t\t<\/div>\n\t\t\n\t\t<a class=\"elementor-post__read-more\" href=\"https:\/\/torosdetijuana.com\/index.php\/toros-liga-triunfos-ante-el-aguila-de-veracruz\/2026\/04\/\" aria-label=\"Read more about TOROS LIGA TRIUNFOS ANTE EL \u00c1GUILA DE VERACRUZ\u00a0\" tabindex=\"-1\" >\n\t\t\tLeer m\u00e1s\t\t<\/a>\n\n\t\t\t\t<\/div>\n\t\t\t\t\t<\/div>\n\t\t<\/article>\n\t\t\t\t<article class=\"elementor-post elementor-grid-item post-16599 post type-post status-publish format-standard has-post-thumbnail hentry category-noticias tag-lmb tag-spring-training tag-tijuana tag-toros-de-tijuana\" role=\"listitem\">\n\t\t\t<div class=\"elementor-post__card\">\n\t\t\t\t<a class=\"elementor-post__thumbnail__link\" href=\"https:\/\/torosdetijuana.com\/index.php\/toros-embiste-a-el-aguila-con-explosion-ofensiva\/2026\/04\/\" tabindex=\"-1\" ><div class=\"elementor-post__thumbnail\"><img loading=\"lazy\" decoding=\"async\" width=\"2560\" height=\"1440\" src=\"https:\/\/torosdetijuana.com\/wp-content\/uploads\/2026\/04\/DSC05598-scaled.jpg\" class=\"attachment-full size-full wp-image-16600\" alt=\"\" srcset=\"https:\/\/torosdetijuana.com\/wp-content\/uploads\/2026\/04\/DSC05598-scaled.jpg 2560w, https:\/\/torosdetijuana.com\/wp-content\/uploads\/2026\/04\/DSC05598-300x169.jpg 300w, https:\/\/torosdetijuana.com\/wp-content\/uploads\/2026\/04\/DSC05598-1024x576.jpg 1024w, https:\/\/torosdetijuana.com\/wp-content\/uploads\/2026\/04\/DSC05598-768x432.jpg 768w, https:\/\/torosdetijuana.com\/wp-content\/uploads\/2026\/04\/DSC05598-1536x864.jpg 1536w, https:\/\/torosdetijuana.com\/wp-content\/uploads\/2026\/04\/DSC05598-2048x1152.jpg 2048w, https:\/\/torosdetijuana.com\/wp-content\/uploads\/2026\/04\/DSC05598-128x72.jpg 128w, https:\/\/torosdetijuana.com\/wp-content\/uploads\/2026\/04\/DSC05598-32x18.jpg 32w, https:\/\/torosdetijuana.com\/wp-content\/uploads\/2026\/04\/DSC05598-600x338.jpg 600w\" sizes=\"(max-width: 2560px) 100vw, 2560px\" \/><\/div><\/a>\n\t\t\t\t<div class=\"elementor-post__text\">\n\t\t\t\t<h4 class=\"elementor-post__title\">\n\t\t\t<a href=\"https:\/\/torosdetijuana.com\/index.php\/toros-embiste-a-el-aguila-con-explosion-ofensiva\/2026\/04\/\" >\n\t\t\t\tTOROS EMBISTE A EL \u00c1GUILA CON EXPLOSI\u00d3N OFENSIVA\u00a0\u00a0\t\t\t<\/a>\n\t\t<\/h4>\n\t\t\t\t<div class=\"elementor-post__excerpt\">\n\t\t\t<p>Con una ofensiva incesante&nbsp;liderada&nbsp;por&nbsp;cuadrangulares&nbsp;de&nbsp;Franchy&nbsp;Cordero, Hern\u00e1n P\u00e9rez, Jackson&nbsp;Loftin&nbsp;y un&nbsp;grand&nbsp;slam&nbsp;de&nbsp;Aderl\u00edn&nbsp;Rodr\u00edguez, los Toros embisten&nbsp;23-8&nbsp;a El \u00c1guila de Veracruz.&nbsp; CIUDAD DE M\u00c9XICO (TorosDeTijuana.Com) 1<\/p>\n\t\t<\/div>\n\t\t\n\t\t<a class=\"elementor-post__read-more\" href=\"https:\/\/torosdetijuana.com\/index.php\/toros-embiste-a-el-aguila-con-explosion-ofensiva\/2026\/04\/\" aria-label=\"Read more about TOROS EMBISTE A EL \u00c1GUILA CON EXPLOSI\u00d3N OFENSIVA\u00a0\u00a0\" tabindex=\"-1\" >\n\t\t\tLeer m\u00e1s\t\t<\/a>\n\n\t\t\t\t<\/div>\n\t\t\t\t\t<\/div>\n\t\t<\/article>\n\t\t\t\t<\/div>\n\t\t\n\t\t\t\t\t\t<\/div>\n\t\t\t\t<\/div>\n\t\t\t\t<div class=\"elementor-element elementor-element-9e11e0b elementor-widget elementor-widget-spacer\" data-id=\"9e11e0b\" data-element_type=\"widget\" data-e-type=\"widget\" data-widget_type=\"spacer.default\">\n\t\t\t\t<div class=\"elementor-widget-container\">\n\t\t\t\t\t\t\t<div class=\"elementor-spacer\">\n\t\t\t<div class=\"elementor-spacer-inner\"><\/div>\n\t\t<\/div>\n\t\t\t\t\t\t<\/div>\n\t\t\t\t<\/div>\n\t\t\t\t\t<\/div>\n\t\t\t\t<\/div>\n\t\t\t\t<\/div>\n\t\t","protected":false},"excerpt":{"rendered":"<p>Noticias<\/p>\n","protected":false},"author":2,"featured_media":0,"parent":0,"menu_order":0,"comment_status":"closed","ping_status":"closed","template":"","meta":{"om_disable_all_campaigns":false,"_monsterinsights_skip_tracking":false,"_monsterinsights_sitenote_active":false,"_monsterinsights_sitenote_note":"","_monsterinsights_sitenote_category":0,"footnotes":""},"class_list":["post-13255","page","type-page","status-publish","hentry"],"acf":[],"aioseo_notices":[],"_links":{"self":[{"href":"https:\/\/torosdetijuana.com\/index.php\/wp-json\/wp\/v2\/pages\/13255","targetHints":{"allow":["GET"]}}],"collection":[{"href":"https:\/\/torosdetijuana.com\/index.php\/wp-json\/wp\/v2\/pages"}],"about":[{"href":"https:\/\/torosdetijuana.com\/index.php\/wp-json\/wp\/v2\/types\/page"}],"author":[{"embeddable":true,"href":"https:\/\/torosdetijuana.com\/index.php\/wp-json\/wp\/v2\/users\/2"}],"replies":[{"embeddable":true,"href":"https:\/\/torosdetijuana.com\/index.php\/wp-json\/wp\/v2\/comments?post=13255"}],"version-history":[{"count":16,"href":"https:\/\/torosdetijuana.com\/index.php\/wp-json\/wp\/v2\/pages\/13255\/revisions"}],"predecessor-version":[{"id":14772,"href":"https:\/\/torosdetijuana.com\/index.php\/wp-json\/wp\/v2\/pages\/13255\/revisions\/14772"}],"wp:attachment":[{"href":"https:\/\/torosdetijuana.com\/index.php\/wp-json\/wp\/v2\/media?parent=13255"}],"curies":[{"name":"wp","href":"https:\/\/api.w.org\/{rel}","templated":true}]}}