{"id":11163,"date":"2024-02-28T13:23:53","date_gmt":"2024-02-28T20:23:53","guid":{"rendered":"http:\/\/10.255.248.8\/?page_id=11163"},"modified":"2024-02-28T14:04:33","modified_gmt":"2024-02-28T21:04:33","slug":"historia","status":"publish","type":"page","link":"https:\/\/torosdetijuana.com\/index.php\/historia\/","title":{"rendered":"historia y antecedentes"},"content":{"rendered":"\n<h2 class=\"wp-block-heading\">HISTORIA<\/h2>\n\n\n\n<figure class=\"wp-block-image size-large\"><img fetchpriority=\"high\" decoding=\"async\" width=\"1024\" height=\"681\" src=\"http:\/\/10.255.248.8\/wp-content\/uploads\/2024\/02\/Crz3bKdVUAEkph8-1024x681.jpg\" alt=\"\" class=\"wp-image-11179\" srcset=\"https:\/\/torosdetijuana.com\/wp-content\/uploads\/2024\/02\/Crz3bKdVUAEkph8-1024x681.jpg 1024w, https:\/\/torosdetijuana.com\/wp-content\/uploads\/2024\/02\/Crz3bKdVUAEkph8-600x399.jpg 600w, https:\/\/torosdetijuana.com\/wp-content\/uploads\/2024\/02\/Crz3bKdVUAEkph8-300x200.jpg 300w, https:\/\/torosdetijuana.com\/wp-content\/uploads\/2024\/02\/Crz3bKdVUAEkph8-768x511.jpg 768w, https:\/\/torosdetijuana.com\/wp-content\/uploads\/2024\/02\/Crz3bKdVUAEkph8-128x85.jpg 128w, https:\/\/torosdetijuana.com\/wp-content\/uploads\/2024\/02\/Crz3bKdVUAEkph8-32x21.jpg 32w, https:\/\/torosdetijuana.com\/wp-content\/uploads\/2024\/02\/Crz3bKdVUAEkph8-90x60.jpg 90w, https:\/\/torosdetijuana.com\/wp-content\/uploads\/2024\/02\/Crz3bKdVUAEkph8-330x219.jpg 330w, https:\/\/torosdetijuana.com\/wp-content\/uploads\/2024\/02\/Crz3bKdVUAEkph8-680x452.jpg 680w, https:\/\/torosdetijuana.com\/wp-content\/uploads\/2024\/02\/Crz3bKdVUAEkph8-920x612.jpg 920w, https:\/\/torosdetijuana.com\/wp-content\/uploads\/2024\/02\/Crz3bKdVUAEkph8.jpg 1200w\" sizes=\"(max-width: 1024px) 100vw, 1024px\" \/><\/figure>\n\n\n\n<p>La historia de Toros de Tijuana se divide en dos etapas: La primera en 2004 con la llegada del equipo a la ciudad para participar una temporada en la Liga Mexicana de Beisbol y la segunda a partir del 2014 cuando el \u201crey de los deportes\u201d regres\u00f3 para quedarse.<\/p>\n\n\n\n<p>Los Toros de Tijuana conquistaron el campeonato de la Liga Mexicana de Beisbol en 2017 y en 2021, adem\u00e1s tambi\u00e9n suman tres gallardetes de la Zona Norte (2016, 2017, 2021).<\/p>\n\n\n\n<p><\/p>\n\n\n\n<h2 class=\"wp-block-heading\">ANTECEDENTES<\/h2>\n\n\n\n<figure class=\"wp-block-image size-full\"><img decoding=\"async\" width=\"800\" height=\"534\" src=\"http:\/\/10.255.248.8\/wp-content\/uploads\/2024\/02\/734097_527771510641125_970694225_n.jpg\" alt=\"\" class=\"wp-image-11170\" srcset=\"https:\/\/torosdetijuana.com\/wp-content\/uploads\/2024\/02\/734097_527771510641125_970694225_n.jpg 800w, https:\/\/torosdetijuana.com\/wp-content\/uploads\/2024\/02\/734097_527771510641125_970694225_n-600x401.jpg 600w, https:\/\/torosdetijuana.com\/wp-content\/uploads\/2024\/02\/734097_527771510641125_970694225_n-300x200.jpg 300w, https:\/\/torosdetijuana.com\/wp-content\/uploads\/2024\/02\/734097_527771510641125_970694225_n-768x513.jpg 768w, https:\/\/torosdetijuana.com\/wp-content\/uploads\/2024\/02\/734097_527771510641125_970694225_n-128x85.jpg 128w, https:\/\/torosdetijuana.com\/wp-content\/uploads\/2024\/02\/734097_527771510641125_970694225_n-32x21.jpg 32w, https:\/\/torosdetijuana.com\/wp-content\/uploads\/2024\/02\/734097_527771510641125_970694225_n-90x60.jpg 90w, https:\/\/torosdetijuana.com\/wp-content\/uploads\/2024\/02\/734097_527771510641125_970694225_n-330x220.jpg 330w, https:\/\/torosdetijuana.com\/wp-content\/uploads\/2024\/02\/734097_527771510641125_970694225_n-680x454.jpg 680w\" sizes=\"(max-width: 800px) 100vw, 800px\" \/><\/figure>\n\n\n\n<p>Desde mediados del siglo pasado, Tijuana ha sido una zona beisbolera y esta frontera ha sido sede de equipos como Potros de Tijuana en la Liga Mexicana del Pac\u00edfico y Toros de Tijuana en la Liga Mexicana de Beisbol, ambos con campeonatos en su historia.<\/p>\n\n\n\n<p>La actual franquicia de Toros de Tijuana lleg\u00f3 en 2014 procedente de Minatitl\u00e1n, Veracruz, donde fueron conocidos como Petroleros. La del 2019 fue la s\u00e9ptima temporada consecutiva y la octava en su historia.<\/p>\n\n\n\n<p>En el 2004, a\u00f1o de fundaci\u00f3n de Toros de Tijuana, el equipo se asent\u00f3 en la ciudad luego de ser conocidos como Tecolotes de los Dos Laredos, sin embargo, s\u00f3lo jugaron una campa\u00f1a antes de cambiar su nombre a Potros de Tijuana en 2005, para luego pasar a Reynosa y jugar como Broncos en 2009.<\/p>\n\n\n\n<p><\/p>\n\n\n\n<h2 class=\"wp-block-heading\">CAMPEONATO 2017<\/h2>\n\n\n\n<figure class=\"wp-block-image size-large\"><img decoding=\"async\" width=\"1024\" height=\"681\" src=\"http:\/\/10.255.248.8\/wp-content\/uploads\/2024\/02\/toros-tijuana-levanta-trofeo-campeones-1024x681.jpg\" alt=\"\" class=\"wp-image-11166\" srcset=\"https:\/\/torosdetijuana.com\/wp-content\/uploads\/2024\/02\/toros-tijuana-levanta-trofeo-campeones-1024x681.jpg 1024w, https:\/\/torosdetijuana.com\/wp-content\/uploads\/2024\/02\/toros-tijuana-levanta-trofeo-campeones-600x399.jpg 600w, https:\/\/torosdetijuana.com\/wp-content\/uploads\/2024\/02\/toros-tijuana-levanta-trofeo-campeones-300x200.jpg 300w, https:\/\/torosdetijuana.com\/wp-content\/uploads\/2024\/02\/toros-tijuana-levanta-trofeo-campeones-768x511.jpg 768w, https:\/\/torosdetijuana.com\/wp-content\/uploads\/2024\/02\/toros-tijuana-levanta-trofeo-campeones-128x85.jpg 128w, https:\/\/torosdetijuana.com\/wp-content\/uploads\/2024\/02\/toros-tijuana-levanta-trofeo-campeones-32x21.jpg 32w, https:\/\/torosdetijuana.com\/wp-content\/uploads\/2024\/02\/toros-tijuana-levanta-trofeo-campeones-90x60.jpg 90w, https:\/\/torosdetijuana.com\/wp-content\/uploads\/2024\/02\/toros-tijuana-levanta-trofeo-campeones-330x219.jpg 330w, https:\/\/torosdetijuana.com\/wp-content\/uploads\/2024\/02\/toros-tijuana-levanta-trofeo-campeones-680x452.jpg 680w, https:\/\/torosdetijuana.com\/wp-content\/uploads\/2024\/02\/toros-tijuana-levanta-trofeo-campeones-920x612.jpg 920w, https:\/\/torosdetijuana.com\/wp-content\/uploads\/2024\/02\/toros-tijuana-levanta-trofeo-campeones.jpg 1200w\" sizes=\"(max-width: 1024px) 100vw, 1024px\" \/><\/figure>\n\n\n\n<p>En la temporada 2017 los Toros dirigidos por Pedro Mer\u00e9 terminaron en Primer lugar de la Zona Norte, en la primera ronda del playoffs eliminaron a los Rieleros de Aguascalientes en 6 juegos para avanzar a la Final Norte\u00f1a donde dejaron en el camino a los Sultanes de Monterrey en 6 juegos para conseguir por segundo a\u00f1o consecutivo a la Serie del Rey ante los Pericos de Puebla a quienes superaron 4 juegos a 1, para as\u00ed conquistar su <strong>primer t\u00edtulo<\/strong> en la Liga Mexicana de B\u00e9isbol y alzar la Copa Zaachila.<\/p>\n\n\n\n<p>El trofeo de <strong>Jugador M\u00e1s Valioso<\/strong> fue para <strong>Roberto L\u00f3pez<\/strong>, quien en la Serie del Rey tuvo seis carreras producidas, adem\u00e1s bate\u00f3 .429 en cinco juegos y luci\u00f3 a la defensiva en el jard\u00edn izquierdo.<\/p>\n\n\n\n<p><\/p>\n\n\n\n<h2 class=\"wp-block-heading\">CAMPEONATO 2023<\/h2>\n\n\n\n<figure class=\"wp-block-image size-large\"><img loading=\"lazy\" decoding=\"async\" width=\"1024\" height=\"683\" src=\"http:\/\/10.255.248.8\/wp-content\/uploads\/2024\/02\/DEPG9352-1024x683.jpg\" alt=\"\" class=\"wp-image-11099\" srcset=\"https:\/\/torosdetijuana.com\/wp-content\/uploads\/2024\/02\/DEPG9352-1024x683.jpg 1024w, https:\/\/torosdetijuana.com\/wp-content\/uploads\/2024\/02\/DEPG9352-scaled-600x400.jpg 600w, https:\/\/torosdetijuana.com\/wp-content\/uploads\/2024\/02\/DEPG9352-300x200.jpg 300w, https:\/\/torosdetijuana.com\/wp-content\/uploads\/2024\/02\/DEPG9352-768x512.jpg 768w, https:\/\/torosdetijuana.com\/wp-content\/uploads\/2024\/02\/DEPG9352-1536x1024.jpg 1536w, https:\/\/torosdetijuana.com\/wp-content\/uploads\/2024\/02\/DEPG9352-2048x1365.jpg 2048w, https:\/\/torosdetijuana.com\/wp-content\/uploads\/2024\/02\/DEPG9352-128x85.jpg 128w, https:\/\/torosdetijuana.com\/wp-content\/uploads\/2024\/02\/DEPG9352-32x21.jpg 32w, https:\/\/torosdetijuana.com\/wp-content\/uploads\/2024\/02\/DEPG9352-1200x800.jpg 1200w, https:\/\/torosdetijuana.com\/wp-content\/uploads\/2024\/02\/DEPG9352-90x60.jpg 90w, https:\/\/torosdetijuana.com\/wp-content\/uploads\/2024\/02\/DEPG9352-330x220.jpg 330w, https:\/\/torosdetijuana.com\/wp-content\/uploads\/2024\/02\/DEPG9352-680x453.jpg 680w, https:\/\/torosdetijuana.com\/wp-content\/uploads\/2024\/02\/DEPG9352-920x613.jpg 920w\" sizes=\"(max-width: 1024px) 100vw, 1024px\" \/><\/figure>\n\n\n\n<p>En la temporada 2021 despu\u00e9s de la cancelaci\u00f3n de la temporada 2020 a causa de la pandemia se anunci\u00f3 el regreso de la liga. Toros termin\u00f3 en segundo lugar de la Zona Norte con r\u00e9cord de 40 victorias y 25 derrotas, clasificando as\u00ed a los playoffs, derrotando en el Primer Playoff a Rieleros de Aguascalientes en siete juegos.<\/p>\n\n\n\n<p>Derrotar\u00eda m\u00e1s tarde en la Serie de Zona a Acereros de Monclova en cinco juegos con ello llegar pasar a la Serie de Campeonato frente a los debutantes Mariachis de Guadalajara quienes llegar\u00edan como el equipo a vencer y amplios favoritos para consagrarse en la zona, el resultado fue a favor de los astados llev\u00e1ndose as\u00ed su tercer t\u00edtulo de Zona.<\/p>\n\n\n\n<p>Los Toros de Tijuana<strong> concretaron la haza\u00f1a de recuperarse de un 0-3<\/strong> en la Serie del Rey para ganar cuatro juegos al hilo y ser el nuevo campe\u00f3n de la Liga Mexicana de Beisbol, en una espectacular voltereta en la que el pitcheo de los astados se convirti\u00f3 en la pieza que cambi\u00f3 todo y le dio la estafeta al bateo que hizo su labor. <\/p>\n\n\n\n<p>El <strong>Jugador M\u00e1s Valioso<\/strong> fue <strong>Efr\u00e9n Navarro<\/strong>, quien tuvo participaci\u00f3n en los siete juegos de la batalla final por la Copa Zaachila, en los que acumul\u00f3 26 turnos con ocho imparables, un jonr\u00f3n, ocho carreras producidas y dos anotadas con un promedio de .308.<\/p>\n\n\n\n<p>En el Juego 6 produjo seis de las 10 carreras de los fronterizos&nbsp;luego de irse de 4-4 con un doblete. En el primer triunfo de los astados tambi\u00e9n fue fundamental con el madero al terminar de 5-2, con un cuadrangular, dos carreras producidas y una anotada.<\/p>\n","protected":false},"excerpt":{"rendered":"<p>HISTORIA La historia de Toros de Tijuana se divide en dos etapas: La primera en 2004 con la llegada del equipo a la ciudad para participar una temporada en la Liga Mexicana de Beisbol y la segunda a partir del 2014 cuando el \u201crey de los deportes\u201d regres\u00f3 para quedarse. Los Toros de Tijuana conquistaron [&hellip;]<\/p>\n","protected":false},"author":1,"featured_media":0,"parent":0,"menu_order":0,"comment_status":"closed","ping_status":"closed","template":"page-side-banner.php","meta":{"om_disable_all_campaigns":false,"_monsterinsights_skip_tracking":false,"_monsterinsights_sitenote_active":false,"_monsterinsights_sitenote_note":"","_monsterinsights_sitenote_category":0,"footnotes":""},"class_list":["post-11163","page","type-page","status-publish","hentry"],"acf":[],"aioseo_notices":[],"_links":{"self":[{"href":"https:\/\/torosdetijuana.com\/index.php\/wp-json\/wp\/v2\/pages\/11163","targetHints":{"allow":["GET"]}}],"collection":[{"href":"https:\/\/torosdetijuana.com\/index.php\/wp-json\/wp\/v2\/pages"}],"about":[{"href":"https:\/\/torosdetijuana.com\/index.php\/wp-json\/wp\/v2\/types\/page"}],"author":[{"embeddable":true,"href":"https:\/\/torosdetijuana.com\/index.php\/wp-json\/wp\/v2\/users\/1"}],"replies":[{"embeddable":true,"href":"https:\/\/torosdetijuana.com\/index.php\/wp-json\/wp\/v2\/comments?post=11163"}],"version-history":[{"count":4,"href":"https:\/\/torosdetijuana.com\/index.php\/wp-json\/wp\/v2\/pages\/11163\/revisions"}],"predecessor-version":[{"id":11180,"href":"https:\/\/torosdetijuana.com\/index.php\/wp-json\/wp\/v2\/pages\/11163\/revisions\/11180"}],"wp:attachment":[{"href":"https:\/\/torosdetijuana.com\/index.php\/wp-json\/wp\/v2\/media?parent=11163"}],"curies":[{"name":"wp","href":"https:\/\/api.w.org\/{rel}","templated":true}]}}